{"id":13,"date":"2026-02-22T16:33:25","date_gmt":"2026-02-22T16:33:25","guid":{"rendered":"https:\/\/friseur-taucha.de\/?page_id=13"},"modified":"2026-02-22T16:33:25","modified_gmt":"2026-02-22T16:33:25","slug":"kontakt","status":"publish","type":"page","link":"https:\/\/friseur-taucha.de\/?page_id=13","title":{"rendered":"Kontakt"},"content":{"rendered":"\n<main class=\"wp-block-group has-global-padding is-layout-constrained wp-container-core-group-is-layout-f36bc466 wp-block-group-is-layout-constrained\">\n  <h1 class=\"wp-block-heading\">Kontakt<\/h1>\n  \n  <div class=\"wp-block-group sr-card is-layout-flow wp-block-group-is-layout-flow\">\n    <p><strong>Salon R\u00fcck Hair &amp; Beauty<\/strong><br>Friedrich-Engels-Stra\u00dfe 22b, 04425 Taucha (im Parthe Centrum)<br>Telefon: <a href=\"tel:03429863194\">034298 63194<\/a><\/p>\n    <h3 class=\"wp-block-heading\">\u00d6ffnungszeiten<\/h3>\n    <p>Montag: 12:00 \u2013 19:00 Uhr<br>Dienstag \u2013 Freitag: 08:00 \u2013 19:00 Uhr<br>Samstag: 08:00 \u2013 12:00 Uhr<br>Sonntag: geschlossen<\/p>\n  <\/div>\n  \n\n  \n  <div style=\"height:18px\" aria-hidden=\"true\" class=\"wp-block-spacer\"><\/div>\n  \n\n  \n  <div class=\"wp-block-group sr-map is-layout-flow wp-block-group-is-layout-flow\">\n    \n    <div class=\"sr-ratio\">\n      <iframe title=\"Google Maps \u2013 Salon R\u00fcck Hair &#038; Beauty\"\n        src=\"https:\/\/www.google.com\/maps?q=Friedrich-Engels-Stra%C3%9Fe%2022b%2C%2004425%20Taucha%20Parthe%20Centrum&#038;output=embed\"\n        loading=\"lazy\" referrerpolicy=\"no-referrer-when-downgrade\" allowfullscreen><\/iframe>\n    <\/div>\n    \n  <\/div>\n  \n\n  \n  <div class=\"wp-block-buttons is-layout-flex wp-block-buttons-is-layout-flex\" style=\"margin-top:1rem\">\n    \n    <div class=\"wp-block-button\"><a class=\"wp-block-button__link wp-element-button\" href=\"tel:03429863194\">Jetzt anrufen<\/a><\/div>\n    \n    \n    <div class=\"wp-block-button is-style-outline is-style-outline--1\"><a class=\"wp-block-button__link wp-element-button\" target=\"_blank\" rel=\"noopener\"\n      href=\"https:\/\/www.google.com\/maps?q=Friedrich-Engels-Stra%C3%9Fe%2022b%2C%2004425%20Taucha%20Parthe%20Centrum\">Route \u00f6ffnen<\/a><\/div>\n    \n  <\/div>\n  \n<\/main>\n","protected":false},"excerpt":{"rendered":"<p>Kontakt Salon R\u00fcck Hair &amp; BeautyFriedrich-Engels-Stra\u00dfe 22b, 04425 Taucha (im Parthe Centrum)Telefon: 034298 63194 \u00d6ffnungszeiten Montag: 12:00 \u2013 19:00 UhrDienstag \u2013 Freitag: 08:00 \u2013 19:00 UhrSamstag: 08:00 \u2013 12:00 UhrSonntag: geschlossen<\/p>\n","protected":false},"author":1,"featured_media":0,"parent":0,"menu_order":0,"comment_status":"closed","ping_status":"closed","template":"","meta":{"footnotes":""},"class_list":["post-13","page","type-page","status-publish","hentry"],"_links":{"self":[{"href":"https:\/\/friseur-taucha.de\/index.php?rest_route=\/wp\/v2\/pages\/13","targetHints":{"allow":["GET"]}}],"collection":[{"href":"https:\/\/friseur-taucha.de\/index.php?rest_route=\/wp\/v2\/pages"}],"about":[{"href":"https:\/\/friseur-taucha.de\/index.php?rest_route=\/wp\/v2\/types\/page"}],"author":[{"embeddable":true,"href":"https:\/\/friseur-taucha.de\/index.php?rest_route=\/wp\/v2\/users\/1"}],"replies":[{"embeddable":true,"href":"https:\/\/friseur-taucha.de\/index.php?rest_route=%2Fwp%2Fv2%2Fcomments&post=13"}],"version-history":[{"count":0,"href":"https:\/\/friseur-taucha.de\/index.php?rest_route=\/wp\/v2\/pages\/13\/revisions"}],"wp:attachment":[{"href":"https:\/\/friseur-taucha.de\/index.php?rest_route=%2Fwp%2Fv2%2Fmedia&parent=13"}],"curies":[{"name":"wp","href":"https:\/\/api.w.org\/{rel}","templated":true}]}}